{"id":13,"date":"2012-03-06T20:30:19","date_gmt":"2012-03-06T20:30:19","guid":{"rendered":"http:\/\/opcionuno.com.ar\/amoblamientos\/?page_id=13"},"modified":"2022-08-26T12:08:31","modified_gmt":"2022-08-26T15:08:31","slug":"contacto","status":"publish","type":"page","link":"https:\/\/www.opcionuno.com.ar\/amoblamientos\/contacto\/","title":{"rendered":"Contacto"},"content":{"rendered":"<div class=\"fusion-fullwidth fullwidth-box fusion-builder-row-1 nonhundred-percent-fullwidth non-hundred-percent-height-scrolling\" style=\"background-color: rgba(255,255,255,0);background-position: center center;background-repeat: no-repeat;padding-top:0px;padding-right:0px;padding-bottom:0px;padding-left:0px;margin-bottom: 0px;margin-top: 0px;border-width: 0px 0px 0px 0px;border-color:#eae9e9;border-style:solid;\" ><div class=\"fusion-builder-row fusion-row\"><div class=\"fusion-layout-column fusion_builder_column fusion-builder-column-0 fusion_builder_column_1_5 1_5 fusion-one-fifth fusion-column-first\" style=\"width:20%;width:calc(20% - ( ( 4% + 4% ) * 0.2 ) );margin-right: 4%;margin-top:0px;margin-bottom:20px;\"><div class=\"fusion-column-wrapper fusion-flex-column-wrapper-legacy\" style=\"background-position:left top;background-repeat:no-repeat;-webkit-background-size:cover;-moz-background-size:cover;-o-background-size:cover;background-size:cover;padding: 0px 0px 0px 0px;\"><div class=\"fusion-clearfix\"><\/div><\/div><\/div><div class=\"fusion-layout-column fusion_builder_column fusion-builder-column-1 fusion_builder_column_3_5 3_5 fusion-three-fifth\" style=\"width:60%;width:calc(60% - ( ( 4% + 4% ) * 0.6 ) );margin-right: 4%;margin-top:0px;margin-bottom:20px;\"><div class=\"fusion-column-wrapper fusion-flex-column-wrapper-legacy\" style=\"background-position:left top;background-repeat:no-repeat;-webkit-background-size:cover;-moz-background-size:cover;-o-background-size:cover;background-size:cover;padding: 0px 0px 0px 0px;\"><div class=\"fusion-text fusion-text-1\"><blockquote>\n<p align=\"left\"><a href=\"mailto:info@opcionuno.com.ar\">info@opcionuno.com.ar<\/a><br \/>\n<strong>Tel.: +54 9 11 3012-6595<\/strong><br \/>\n<strong>Tel.: +54 9 11 5228-8898<br \/>\n<\/strong><\/p>\n<\/blockquote>\n<p align=\"left\">A continuaci\u00f3n encontrar\u00e1 un formulario, para que complete y env\u00ede de acuerdo a sus necesidades de informaci\u00f3n.<br \/>\n<strong> Con gusto responderemos su inquietud a la brevedad.<\/strong><\/p>\n<p align=\"left\">\n<div class=\"wpcf7 no-js\" id=\"wpcf7-f12-o1\" lang=\"en-US\" dir=\"ltr\" data-wpcf7-id=\"12\">\n<div class=\"screen-reader-response\"><p role=\"status\" aria-live=\"polite\" aria-atomic=\"true\"><\/p> <ul><\/ul><\/div>\n<form action=\"\/amoblamientos\/wp-json\/wp\/v2\/pages\/13#wpcf7-f12-o1\" method=\"post\" class=\"wpcf7-form init\" aria-label=\"Contact form\" novalidate=\"novalidate\" data-status=\"init\">\n<fieldset class=\"hidden-fields-container\"><input type=\"hidden\" name=\"_wpcf7\" value=\"12\" \/><input type=\"hidden\" name=\"_wpcf7_version\" value=\"6.1.4\" \/><input type=\"hidden\" name=\"_wpcf7_locale\" value=\"en_US\" \/><input type=\"hidden\" name=\"_wpcf7_unit_tag\" value=\"wpcf7-f12-o1\" \/><input type=\"hidden\" name=\"_wpcf7_container_post\" value=\"0\" \/><input type=\"hidden\" name=\"_wpcf7_posted_data_hash\" value=\"\" \/>\n<\/fieldset>\n<p>Nombre:<br \/>\n<span class=\"wpcf7-form-control-wrap\" data-name=\"your-name\"><input size=\"40\" maxlength=\"400\" class=\"wpcf7-form-control wpcf7-text wpcf7-validates-as-required\" aria-required=\"true\" aria-invalid=\"false\" value=\"\" type=\"text\" name=\"your-name\" \/><\/span>\n<\/p>\n<p>Tel\u00e9fono (opcional):<br \/>\n<span class=\"wpcf7-form-control-wrap\" data-name=\"your-telefono\"><input size=\"40\" maxlength=\"400\" class=\"wpcf7-form-control wpcf7-text\" aria-invalid=\"false\" value=\"\" type=\"text\" name=\"your-telefono\" \/><\/span>\n<\/p>\n<p>Email:<br \/>\n<span class=\"wpcf7-form-control-wrap\" data-name=\"your-email\"><input size=\"40\" maxlength=\"400\" class=\"wpcf7-form-control wpcf7-email wpcf7-validates-as-required wpcf7-text wpcf7-validates-as-email\" aria-required=\"true\" aria-invalid=\"false\" value=\"\" type=\"email\" name=\"your-email\" \/><\/span>\n<\/p>\n<p>Asunto:<br \/>\n<span class=\"wpcf7-form-control-wrap\" data-name=\"your-subject\"><input size=\"40\" maxlength=\"400\" class=\"wpcf7-form-control wpcf7-text\" aria-invalid=\"false\" value=\"\" type=\"text\" name=\"your-subject\" \/><\/span>\n<\/p>\n<p>Tu Mensaje (opcional):<br \/>\n<span class=\"wpcf7-form-control-wrap\" data-name=\"your-message\"><textarea cols=\"40\" rows=\"10\" maxlength=\"2000\" class=\"wpcf7-form-control wpcf7-textarea\" aria-invalid=\"false\" name=\"your-message\"><\/textarea><\/span>\n<\/p>\n<p><input class=\"wpcf7-form-control wpcf7-submit has-spinner\" type=\"submit\" value=\"Enviar\" \/>\n<\/p><div class=\"fusion-alert alert custom alert-custom fusion-alert-center wpcf7-response-output fusion-alert-capitalize alert-dismissable\" role=\"alert\" style=\"border-width:1px;\"><div class=\"fusion-alert-content-wrapper\"><span class=\"fusion-alert-content\"><\/span><\/div><button type=\"button\" class=\"close toggle-alert\" data-dismiss=\"alert\" aria-label=\"Close\">&times;<\/button><\/div>\n<\/form>\n<\/div>\n<\/p>\n<\/div><div class=\"fusion-clearfix\"><\/div><\/div><\/div><div class=\"fusion-layout-column fusion_builder_column fusion-builder-column-2 fusion_builder_column_1_5 1_5 fusion-one-fifth fusion-column-last\" style=\"width:20%;width:calc(20% - ( ( 4% + 4% ) * 0.2 ) );margin-top:0px;margin-bottom:20px;\"><div class=\"fusion-column-wrapper fusion-flex-column-wrapper-legacy\" style=\"background-position:left top;background-repeat:no-repeat;-webkit-background-size:cover;-moz-background-size:cover;-o-background-size:cover;background-size:cover;padding: 0px 0px 0px 0px;\"><div class=\"fusion-clearfix\"><\/div><\/div><\/div><\/div><\/div>\n","protected":false},"excerpt":{"rendered":"","protected":false},"author":1,"featured_media":0,"parent":0,"menu_order":4,"comment_status":"closed","ping_status":"closed","template":"","meta":{"_joinchat":[],"footnotes":""},"class_list":["post-13","page","type-page","status-publish","hentry"],"yoast_head":"<!-- This site is optimized with the Yoast SEO plugin v26.6 - https:\/\/yoast.com\/wordpress\/plugins\/seo\/ -->\n<title>Contacto - Opcion Uno<\/title>\n<meta name=\"description\" content=\"Opcion Uno. La silla argentina de mejor calidad. Fabrica l\u00edder en sillas y sillones.\" \/>\n<meta name=\"robots\" content=\"index, follow, max-snippet:-1, max-image-preview:large, max-video-preview:-1\" \/>\n<link rel=\"canonical\" href=\"https:\/\/www.opcionuno.com.ar\/amoblamientos\/contacto\/\" \/>\n<script type=\"application\/ld+json\" class=\"yoast-schema-graph\">{\"@context\":\"https:\/\/schema.org\",\"@graph\":[{\"@type\":\"WebPage\",\"@id\":\"https:\/\/www.opcionuno.com.ar\/amoblamientos\/contacto\/\",\"url\":\"https:\/\/www.opcionuno.com.ar\/amoblamientos\/contacto\/\",\"name\":\"Contacto - Opcion Uno\",\"isPartOf\":{\"@id\":\"https:\/\/www.opcionuno.com.ar\/amoblamientos\/#website\"},\"datePublished\":\"2012-03-06T20:30:19+00:00\",\"dateModified\":\"2022-08-26T15:08:31+00:00\",\"description\":\"Opcion Uno. La silla argentina de mejor calidad. Fabrica l\u00edder en sillas y sillones.\",\"breadcrumb\":{\"@id\":\"https:\/\/www.opcionuno.com.ar\/amoblamientos\/contacto\/#breadcrumb\"},\"inLanguage\":\"es\",\"potentialAction\":[{\"@type\":\"ReadAction\",\"target\":[\"https:\/\/www.opcionuno.com.ar\/amoblamientos\/contacto\/\"]}]},{\"@type\":\"BreadcrumbList\",\"@id\":\"https:\/\/www.opcionuno.com.ar\/amoblamientos\/contacto\/#breadcrumb\",\"itemListElement\":[{\"@type\":\"ListItem\",\"position\":1,\"name\":\"Portada\",\"item\":\"https:\/\/www.opcionuno.com.ar\/amoblamientos\/\"},{\"@type\":\"ListItem\",\"position\":2,\"name\":\"Contacto\"}]},{\"@type\":\"WebSite\",\"@id\":\"https:\/\/www.opcionuno.com.ar\/amoblamientos\/#website\",\"url\":\"https:\/\/www.opcionuno.com.ar\/amoblamientos\/\",\"name\":\"Opcion Uno\",\"description\":\"Fabrica de Sillas y Sillones\",\"publisher\":{\"@id\":\"https:\/\/www.opcionuno.com.ar\/amoblamientos\/#organization\"},\"potentialAction\":[{\"@type\":\"SearchAction\",\"target\":{\"@type\":\"EntryPoint\",\"urlTemplate\":\"https:\/\/www.opcionuno.com.ar\/amoblamientos\/?s={search_term_string}\"},\"query-input\":{\"@type\":\"PropertyValueSpecification\",\"valueRequired\":true,\"valueName\":\"search_term_string\"}}],\"inLanguage\":\"es\"},{\"@type\":\"Organization\",\"@id\":\"https:\/\/www.opcionuno.com.ar\/amoblamientos\/#organization\",\"name\":\"Opcion Uno\",\"url\":\"https:\/\/www.opcionuno.com.ar\/amoblamientos\/\",\"logo\":{\"@type\":\"ImageObject\",\"inLanguage\":\"es\",\"@id\":\"https:\/\/www.opcionuno.com.ar\/amoblamientos\/#\/schema\/logo\/image\/\",\"url\":\"https:\/\/www.opcionuno.com.ar\/amoblamientos\/wp-content\/uploads\/2024\/11\/opcionuno-2.jpg\",\"contentUrl\":\"https:\/\/www.opcionuno.com.ar\/amoblamientos\/wp-content\/uploads\/2024\/11\/opcionuno-2.jpg\",\"width\":381,\"height\":161,\"caption\":\"Opcion Uno\"},\"image\":{\"@id\":\"https:\/\/www.opcionuno.com.ar\/amoblamientos\/#\/schema\/logo\/image\/\"},\"sameAs\":[\"https:\/\/www.instagram.com\/opcion_uno\/\"]}]}<\/script>\n<!-- \/ Yoast SEO plugin. -->","yoast_head_json":{"title":"Contacto - Opcion Uno","description":"Opcion Uno. La silla argentina de mejor calidad. Fabrica l\u00edder en sillas y sillones.","robots":{"index":"index","follow":"follow","max-snippet":"max-snippet:-1","max-image-preview":"max-image-preview:large","max-video-preview":"max-video-preview:-1"},"canonical":"https:\/\/www.opcionuno.com.ar\/amoblamientos\/contacto\/","schema":{"@context":"https:\/\/schema.org","@graph":[{"@type":"WebPage","@id":"https:\/\/www.opcionuno.com.ar\/amoblamientos\/contacto\/","url":"https:\/\/www.opcionuno.com.ar\/amoblamientos\/contacto\/","name":"Contacto - Opcion Uno","isPartOf":{"@id":"https:\/\/www.opcionuno.com.ar\/amoblamientos\/#website"},"datePublished":"2012-03-06T20:30:19+00:00","dateModified":"2022-08-26T15:08:31+00:00","description":"Opcion Uno. La silla argentina de mejor calidad. Fabrica l\u00edder en sillas y sillones.","breadcrumb":{"@id":"https:\/\/www.opcionuno.com.ar\/amoblamientos\/contacto\/#breadcrumb"},"inLanguage":"es","potentialAction":[{"@type":"ReadAction","target":["https:\/\/www.opcionuno.com.ar\/amoblamientos\/contacto\/"]}]},{"@type":"BreadcrumbList","@id":"https:\/\/www.opcionuno.com.ar\/amoblamientos\/contacto\/#breadcrumb","itemListElement":[{"@type":"ListItem","position":1,"name":"Portada","item":"https:\/\/www.opcionuno.com.ar\/amoblamientos\/"},{"@type":"ListItem","position":2,"name":"Contacto"}]},{"@type":"WebSite","@id":"https:\/\/www.opcionuno.com.ar\/amoblamientos\/#website","url":"https:\/\/www.opcionuno.com.ar\/amoblamientos\/","name":"Opcion Uno","description":"Fabrica de Sillas y Sillones","publisher":{"@id":"https:\/\/www.opcionuno.com.ar\/amoblamientos\/#organization"},"potentialAction":[{"@type":"SearchAction","target":{"@type":"EntryPoint","urlTemplate":"https:\/\/www.opcionuno.com.ar\/amoblamientos\/?s={search_term_string}"},"query-input":{"@type":"PropertyValueSpecification","valueRequired":true,"valueName":"search_term_string"}}],"inLanguage":"es"},{"@type":"Organization","@id":"https:\/\/www.opcionuno.com.ar\/amoblamientos\/#organization","name":"Opcion Uno","url":"https:\/\/www.opcionuno.com.ar\/amoblamientos\/","logo":{"@type":"ImageObject","inLanguage":"es","@id":"https:\/\/www.opcionuno.com.ar\/amoblamientos\/#\/schema\/logo\/image\/","url":"https:\/\/www.opcionuno.com.ar\/amoblamientos\/wp-content\/uploads\/2024\/11\/opcionuno-2.jpg","contentUrl":"https:\/\/www.opcionuno.com.ar\/amoblamientos\/wp-content\/uploads\/2024\/11\/opcionuno-2.jpg","width":381,"height":161,"caption":"Opcion Uno"},"image":{"@id":"https:\/\/www.opcionuno.com.ar\/amoblamientos\/#\/schema\/logo\/image\/"},"sameAs":["https:\/\/www.instagram.com\/opcion_uno\/"]}]}},"_links":{"self":[{"href":"https:\/\/www.opcionuno.com.ar\/amoblamientos\/wp-json\/wp\/v2\/pages\/13","targetHints":{"allow":["GET"]}}],"collection":[{"href":"https:\/\/www.opcionuno.com.ar\/amoblamientos\/wp-json\/wp\/v2\/pages"}],"about":[{"href":"https:\/\/www.opcionuno.com.ar\/amoblamientos\/wp-json\/wp\/v2\/types\/page"}],"author":[{"embeddable":true,"href":"https:\/\/www.opcionuno.com.ar\/amoblamientos\/wp-json\/wp\/v2\/users\/1"}],"replies":[{"embeddable":true,"href":"https:\/\/www.opcionuno.com.ar\/amoblamientos\/wp-json\/wp\/v2\/comments?post=13"}],"version-history":[{"count":5,"href":"https:\/\/www.opcionuno.com.ar\/amoblamientos\/wp-json\/wp\/v2\/pages\/13\/revisions"}],"predecessor-version":[{"id":1457,"href":"https:\/\/www.opcionuno.com.ar\/amoblamientos\/wp-json\/wp\/v2\/pages\/13\/revisions\/1457"}],"wp:attachment":[{"href":"https:\/\/www.opcionuno.com.ar\/amoblamientos\/wp-json\/wp\/v2\/media?parent=13"}],"curies":[{"name":"wp","href":"https:\/\/api.w.org\/{rel}","templated":true}]}}