{"id":6,"date":"2012-03-06T20:19:47","date_gmt":"2012-03-06T20:19:47","guid":{"rendered":"http:\/\/opcionuno.com.ar\/amoblamientos\/?page_id=6"},"modified":"2017-11-14T20:01:38","modified_gmt":"2017-11-14T20:01:38","slug":"empresa","status":"publish","type":"page","link":"https:\/\/www.opcionuno.com.ar\/amoblamientos\/empresa\/","title":{"rendered":"Quienes Somos"},"content":{"rendered":"<p><div class=\"fusion-fullwidth fullwidth-box fusion-builder-row-1 nonhundred-percent-fullwidth non-hundred-percent-height-scrolling\" style=\"background-color: rgba(255,255,255,0);background-position: center center;background-repeat: no-repeat;padding-top:0px;padding-right:0px;padding-bottom:0px;padding-left:0px;margin-bottom: 0px;margin-top: 0px;border-width: 0px 0px 0px 0px;border-color:#eae9e9;border-style:solid;\" ><div class=\"fusion-builder-row fusion-row\"><div class=\"fusion-layout-column fusion_builder_column fusion-builder-column-0 fusion_builder_column_1_1 1_1 fusion-one-full fusion-column-first fusion-column-last\" style=\"margin-top:0px;margin-bottom:20px;\"><div class=\"fusion-column-wrapper fusion-flex-column-wrapper-legacy\" style=\"background-position:left top;background-repeat:no-repeat;-webkit-background-size:cover;-moz-background-size:cover;-o-background-size:cover;background-size:cover;padding: 0px 0px 0px 0px;\"><div class=\"imageframe-align-center\"><span class=\" fusion-imageframe imageframe-none imageframe-1 hover-type-none\"><img decoding=\"async\" width=\"909\" height=\"250\" alt=\"Sillas y Sofas\" title=\"Sillas y Sofas\" src=\"https:\/\/www.opcionuno.com.ar\/amoblamientos\/wp-content\/uploads\/2012\/03\/Sofa.jpg\" data-orig-src=\"http:\/\/www.opcionuno.com.ar\/amoblamientos\/wp-content\/uploads\/2012\/03\/Sofa.jpg\" class=\"lazyload img-responsive wp-image-689\" srcset=\"data:image\/svg+xml,%3Csvg%20xmlns%3D%27http%3A%2F%2Fwww.w3.org%2F2000%2Fsvg%27%20width%3D%27909%27%20height%3D%27250%27%20viewBox%3D%270%200%20909%20250%27%3E%3Crect%20width%3D%27909%27%20height%3D%27250%27%20fill-opacity%3D%220%22%2F%3E%3C%2Fsvg%3E\" data-srcset=\"https:\/\/www.opcionuno.com.ar\/amoblamientos\/wp-content\/uploads\/2012\/03\/Sofa-200x55.jpg 200w, https:\/\/www.opcionuno.com.ar\/amoblamientos\/wp-content\/uploads\/2012\/03\/Sofa-400x110.jpg 400w, https:\/\/www.opcionuno.com.ar\/amoblamientos\/wp-content\/uploads\/2012\/03\/Sofa-600x165.jpg 600w, https:\/\/www.opcionuno.com.ar\/amoblamientos\/wp-content\/uploads\/2012\/03\/Sofa-800x220.jpg 800w, https:\/\/www.opcionuno.com.ar\/amoblamientos\/wp-content\/uploads\/2012\/03\/Sofa.jpg 909w\" data-sizes=\"auto\" data-orig-sizes=\"(max-width: 800px) 100vw, 909px\" \/><\/span><\/div><div class=\"fusion-clearfix\"><\/div><\/div><\/div><\/div><\/div><div class=\"fusion-fullwidth fullwidth-box fusion-builder-row-2 nonhundred-percent-fullwidth non-hundred-percent-height-scrolling\" style=\"background-color: rgba(255,255,255,0);background-position: center center;background-repeat: no-repeat;padding-top:0px;padding-right:0px;padding-bottom:0px;padding-left:0px;margin-bottom: 0px;margin-top: 0px;border-width: 0px 0px 0px 0px;border-color:#eae9e9;border-style:solid;\" ><div class=\"fusion-builder-row fusion-row\"><div class=\"fusion-layout-column fusion_builder_column fusion-builder-column-1 fusion_builder_column_1_5 1_5 fusion-one-fifth fusion-column-first\" style=\"width:20%;width:calc(20% - ( ( 4% + 4% ) * 0.2 ) );margin-right: 4%;margin-top:0px;margin-bottom:20px;\"><div class=\"fusion-column-wrapper fusion-flex-column-wrapper-legacy\" style=\"background-position:left top;background-repeat:no-repeat;-webkit-background-size:cover;-moz-background-size:cover;-o-background-size:cover;background-size:cover;padding: 0px 0px 0px 0px;\"><div class=\"fusion-clearfix\"><\/div><\/div><\/div><div class=\"fusion-layout-column fusion_builder_column fusion-builder-column-2 fusion_builder_column_3_5 3_5 fusion-three-fifth\" style=\"width:60%;width:calc(60% - ( ( 4% + 4% ) * 0.6 ) );margin-right: 4%;margin-top:0px;margin-bottom:20px;\"><div class=\"fusion-column-wrapper fusion-flex-column-wrapper-legacy\" style=\"background-position:left top;background-repeat:no-repeat;-webkit-background-size:cover;-moz-background-size:cover;-o-background-size:cover;background-size:cover;padding: 0px 0px 0px 0px;\"><div class=\"fusion-text fusion-text-1\"><p>Somos una empresa joven, que busca satisfacer los gustos y exigencias de los clientes, y para ello, hemos elegido como objetivo la comercializaci\u00f3n de productos con estilo y elegancia.<\/p>\n<p>Ofrecemos entre otros, dise\u00f1os cromados, en aluminio y madera.<\/p>\n<p>Nuestros profesionales podr\u00e1n informarlo y asesorarlo en su proyecto para lograr el espacio de confort que Usted desea.<\/p>\n<p align=\"left\">Nuestra amplia experiencia en tapicer\u00eda, carpinter\u00eda, herrer\u00eda y costura nos ha permitido desarrollar durante todos estos a\u00f1os diferentes productos a la medida de nuestros clientes.<\/p>\n<p align=\"left\">Todas nuestras l\u00edneas se encuentran relacionadas por el mismo concepto: <strong>Un precio accesible para un producto de calidad superior.<\/strong><\/p>\n<\/div><div class=\"fusion-clearfix\"><\/div><\/div><\/div><div class=\"fusion-layout-column fusion_builder_column fusion-builder-column-3 fusion_builder_column_1_5 1_5 fusion-one-fifth fusion-column-last\" style=\"width:20%;width:calc(20% - ( ( 4% + 4% ) * 0.2 ) );margin-top:0px;margin-bottom:20px;\"><div class=\"fusion-column-wrapper fusion-flex-column-wrapper-legacy\" style=\"background-position:left top;background-repeat:no-repeat;-webkit-background-size:cover;-moz-background-size:cover;-o-background-size:cover;background-size:cover;padding: 0px 0px 0px 0px;\"><div class=\"fusion-clearfix\"><\/div><\/div><\/div><\/div><\/div><\/p>\n","protected":false},"excerpt":{"rendered":"","protected":false},"author":1,"featured_media":0,"parent":0,"menu_order":1,"comment_status":"closed","ping_status":"closed","template":"","meta":{"_joinchat":[],"footnotes":""},"class_list":["post-6","page","type-page","status-publish","hentry"],"yoast_head":"<!-- This site is optimized with the Yoast SEO plugin v26.6 - https:\/\/yoast.com\/wordpress\/plugins\/seo\/ -->\n<title>Quienes Somos - Opcion Uno<\/title>\n<meta name=\"description\" content=\"OpcionUno. La silla argentina de mejor calidad. Fabrica l\u00edder en sillas y sillones.\" \/>\n<meta name=\"robots\" content=\"index, follow, max-snippet:-1, max-image-preview:large, max-video-preview:-1\" \/>\n<link rel=\"canonical\" href=\"https:\/\/www.opcionuno.com.ar\/amoblamientos\/empresa\/\" \/>\n<script type=\"application\/ld+json\" class=\"yoast-schema-graph\">{\"@context\":\"https:\/\/schema.org\",\"@graph\":[{\"@type\":\"WebPage\",\"@id\":\"https:\/\/www.opcionuno.com.ar\/amoblamientos\/empresa\/\",\"url\":\"https:\/\/www.opcionuno.com.ar\/amoblamientos\/empresa\/\",\"name\":\"Quienes Somos - Opcion Uno\",\"isPartOf\":{\"@id\":\"https:\/\/www.opcionuno.com.ar\/amoblamientos\/#website\"},\"datePublished\":\"2012-03-06T20:19:47+00:00\",\"dateModified\":\"2017-11-14T20:01:38+00:00\",\"description\":\"OpcionUno. La silla argentina de mejor calidad. Fabrica l\u00edder en sillas y sillones.\",\"breadcrumb\":{\"@id\":\"https:\/\/www.opcionuno.com.ar\/amoblamientos\/empresa\/#breadcrumb\"},\"inLanguage\":\"es\",\"potentialAction\":[{\"@type\":\"ReadAction\",\"target\":[\"https:\/\/www.opcionuno.com.ar\/amoblamientos\/empresa\/\"]}]},{\"@type\":\"BreadcrumbList\",\"@id\":\"https:\/\/www.opcionuno.com.ar\/amoblamientos\/empresa\/#breadcrumb\",\"itemListElement\":[{\"@type\":\"ListItem\",\"position\":1,\"name\":\"Portada\",\"item\":\"https:\/\/www.opcionuno.com.ar\/amoblamientos\/\"},{\"@type\":\"ListItem\",\"position\":2,\"name\":\"Quienes Somos\"}]},{\"@type\":\"WebSite\",\"@id\":\"https:\/\/www.opcionuno.com.ar\/amoblamientos\/#website\",\"url\":\"https:\/\/www.opcionuno.com.ar\/amoblamientos\/\",\"name\":\"Opcion Uno\",\"description\":\"Fabrica de Sillas y Sillones\",\"publisher\":{\"@id\":\"https:\/\/www.opcionuno.com.ar\/amoblamientos\/#organization\"},\"potentialAction\":[{\"@type\":\"SearchAction\",\"target\":{\"@type\":\"EntryPoint\",\"urlTemplate\":\"https:\/\/www.opcionuno.com.ar\/amoblamientos\/?s={search_term_string}\"},\"query-input\":{\"@type\":\"PropertyValueSpecification\",\"valueRequired\":true,\"valueName\":\"search_term_string\"}}],\"inLanguage\":\"es\"},{\"@type\":\"Organization\",\"@id\":\"https:\/\/www.opcionuno.com.ar\/amoblamientos\/#organization\",\"name\":\"Opcion Uno\",\"url\":\"https:\/\/www.opcionuno.com.ar\/amoblamientos\/\",\"logo\":{\"@type\":\"ImageObject\",\"inLanguage\":\"es\",\"@id\":\"https:\/\/www.opcionuno.com.ar\/amoblamientos\/#\/schema\/logo\/image\/\",\"url\":\"https:\/\/www.opcionuno.com.ar\/amoblamientos\/wp-content\/uploads\/2024\/11\/opcionuno-2.jpg\",\"contentUrl\":\"https:\/\/www.opcionuno.com.ar\/amoblamientos\/wp-content\/uploads\/2024\/11\/opcionuno-2.jpg\",\"width\":381,\"height\":161,\"caption\":\"Opcion Uno\"},\"image\":{\"@id\":\"https:\/\/www.opcionuno.com.ar\/amoblamientos\/#\/schema\/logo\/image\/\"},\"sameAs\":[\"https:\/\/www.instagram.com\/opcion_uno\/\"]}]}<\/script>\n<!-- \/ Yoast SEO plugin. -->","yoast_head_json":{"title":"Quienes Somos - Opcion Uno","description":"OpcionUno. La silla argentina de mejor calidad. Fabrica l\u00edder en sillas y sillones.","robots":{"index":"index","follow":"follow","max-snippet":"max-snippet:-1","max-image-preview":"max-image-preview:large","max-video-preview":"max-video-preview:-1"},"canonical":"https:\/\/www.opcionuno.com.ar\/amoblamientos\/empresa\/","schema":{"@context":"https:\/\/schema.org","@graph":[{"@type":"WebPage","@id":"https:\/\/www.opcionuno.com.ar\/amoblamientos\/empresa\/","url":"https:\/\/www.opcionuno.com.ar\/amoblamientos\/empresa\/","name":"Quienes Somos - Opcion Uno","isPartOf":{"@id":"https:\/\/www.opcionuno.com.ar\/amoblamientos\/#website"},"datePublished":"2012-03-06T20:19:47+00:00","dateModified":"2017-11-14T20:01:38+00:00","description":"OpcionUno. La silla argentina de mejor calidad. Fabrica l\u00edder en sillas y sillones.","breadcrumb":{"@id":"https:\/\/www.opcionuno.com.ar\/amoblamientos\/empresa\/#breadcrumb"},"inLanguage":"es","potentialAction":[{"@type":"ReadAction","target":["https:\/\/www.opcionuno.com.ar\/amoblamientos\/empresa\/"]}]},{"@type":"BreadcrumbList","@id":"https:\/\/www.opcionuno.com.ar\/amoblamientos\/empresa\/#breadcrumb","itemListElement":[{"@type":"ListItem","position":1,"name":"Portada","item":"https:\/\/www.opcionuno.com.ar\/amoblamientos\/"},{"@type":"ListItem","position":2,"name":"Quienes Somos"}]},{"@type":"WebSite","@id":"https:\/\/www.opcionuno.com.ar\/amoblamientos\/#website","url":"https:\/\/www.opcionuno.com.ar\/amoblamientos\/","name":"Opcion Uno","description":"Fabrica de Sillas y Sillones","publisher":{"@id":"https:\/\/www.opcionuno.com.ar\/amoblamientos\/#organization"},"potentialAction":[{"@type":"SearchAction","target":{"@type":"EntryPoint","urlTemplate":"https:\/\/www.opcionuno.com.ar\/amoblamientos\/?s={search_term_string}"},"query-input":{"@type":"PropertyValueSpecification","valueRequired":true,"valueName":"search_term_string"}}],"inLanguage":"es"},{"@type":"Organization","@id":"https:\/\/www.opcionuno.com.ar\/amoblamientos\/#organization","name":"Opcion Uno","url":"https:\/\/www.opcionuno.com.ar\/amoblamientos\/","logo":{"@type":"ImageObject","inLanguage":"es","@id":"https:\/\/www.opcionuno.com.ar\/amoblamientos\/#\/schema\/logo\/image\/","url":"https:\/\/www.opcionuno.com.ar\/amoblamientos\/wp-content\/uploads\/2024\/11\/opcionuno-2.jpg","contentUrl":"https:\/\/www.opcionuno.com.ar\/amoblamientos\/wp-content\/uploads\/2024\/11\/opcionuno-2.jpg","width":381,"height":161,"caption":"Opcion Uno"},"image":{"@id":"https:\/\/www.opcionuno.com.ar\/amoblamientos\/#\/schema\/logo\/image\/"},"sameAs":["https:\/\/www.instagram.com\/opcion_uno\/"]}]}},"_links":{"self":[{"href":"https:\/\/www.opcionuno.com.ar\/amoblamientos\/wp-json\/wp\/v2\/pages\/6","targetHints":{"allow":["GET"]}}],"collection":[{"href":"https:\/\/www.opcionuno.com.ar\/amoblamientos\/wp-json\/wp\/v2\/pages"}],"about":[{"href":"https:\/\/www.opcionuno.com.ar\/amoblamientos\/wp-json\/wp\/v2\/types\/page"}],"author":[{"embeddable":true,"href":"https:\/\/www.opcionuno.com.ar\/amoblamientos\/wp-json\/wp\/v2\/users\/1"}],"replies":[{"embeddable":true,"href":"https:\/\/www.opcionuno.com.ar\/amoblamientos\/wp-json\/wp\/v2\/comments?post=6"}],"version-history":[{"count":0,"href":"https:\/\/www.opcionuno.com.ar\/amoblamientos\/wp-json\/wp\/v2\/pages\/6\/revisions"}],"wp:attachment":[{"href":"https:\/\/www.opcionuno.com.ar\/amoblamientos\/wp-json\/wp\/v2\/media?parent=6"}],"curies":[{"name":"wp","href":"https:\/\/api.w.org\/{rel}","templated":true}]}}