{"id":1364,"date":"2020-11-05T14:57:19","date_gmt":"2020-11-05T17:57:19","guid":{"rendered":"https:\/\/www.opcionuno.com.ar\/amoblamientos\/?post_type=product&#038;p=1364"},"modified":"2024-10-23T11:59:05","modified_gmt":"2024-10-23T14:59:05","slug":"sillon-aluminum-en-cuero-vacuno","status":"publish","type":"product","link":"https:\/\/www.opcionuno.com.ar\/amoblamientos\/producto\/sillon-aluminum-en-cuero-vacuno\/","title":{"rendered":"Sill\u00f3n Aluminum en cuero vacuno"},"content":{"rendered":"","protected":false},"excerpt":{"rendered":"<h3>Sill\u00f3n Aluminum de respaldo alto, dise\u00f1ado por Charles &amp; Ray Eames completamente en fundici\u00f3n de aluminio, dise\u00f1o elegante y moderno.<\/h3>\n<h3>Caracter\u00edsticas:<br \/>\nEstructura 100% en fundici\u00f3n de <strong>Aluminio<\/strong><br \/>\nBase 100% en fundici\u00f3n de <strong>Aluminio<\/strong><br \/>\nBrazos 100% en fundici\u00f3n de <strong>Aluminio<\/strong><br \/>\nTapizado en cuero ecol\u00f3gico o cuero vacuno a elecci\u00f3n<br \/>\nRespaldo alto<br \/>\nGiratorio<br \/>\nBasculante<br \/>\nNeum\u00e1tico<br \/>\nRuedas de nylon<br \/>\n<strong>Somos Fabricantes<\/strong><\/h3>\n<h3><strong>Opcional:<\/strong> Ruedas cromadas o de goma para pisos de madera, patines.<\/h3>\n<h3><strong>Modelos<\/strong>: Sill\u00f3n alto con brazos, silla baja con\/sin brazos, silla baja sin neum\u00e1tico.<\/p>\n<p>[fusion_button link=\"https:\/\/www.opcionuno.com.ar\/amoblamientos\/contacto\/?your-subject=Sill\u00f3n+Aluminum+Cuero+Vacuno\" text_transform=\"\" title=\"\" target=\"_self\" link_attributes=\"\" alignment_medium=\"\" alignment_small=\"\" alignment=\"\" modal=\"\" hide_on_mobile=\"small-visibility,medium-visibility,large-visibility\" sticky_display=\"normal,sticky\" class=\"\" id=\"\" color=\"default\" button_gradient_top_color=\"\" button_gradient_bottom_color=\"\" button_gradient_top_color_hover=\"\" button_gradient_bottom_color_hover=\"\" accent_color=\"\" accent_hover_color=\"\" type=\"\" bevel_color=\"\" border_width=\"\" border_radius=\"\" border_color=\"\" border_hover_color=\"\" size=\"\" stretch=\"default\" margin_top=\"\" margin_right=\"\" margin_bottom=\"\" margin_left=\"\" icon=\"\" icon_position=\"left\" icon_divider=\"no\" animation_type=\"\" animation_direction=\"left\" animation_speed=\"0.3\" animation_offset=\"\"]Consultar[\/fusion_button]<\/h3>\n<p><script src=\"moz-extension:\/\/a4166666-2587-41bd-a462-cca71c84316a\/js\/app.js\" type=\"text\/javascript\"><\/script><\/p>\n","protected":false},"featured_media":1585,"template":"","meta":{"_joinchat":{"telephone":"+541130126595","message_send":"Hola, te consulto por el {TITLE}"}},"product_brand":[],"product_cat":[111,131,148,207],"product_tag":[70,89,202,203,55,206],"class_list":{"0":"post-1364","1":"product","2":"type-product","3":"status-publish","4":"has-post-thumbnail","6":"product_cat-clasicos-modernos","7":"product_cat-charles-eames","8":"product_cat-productos","9":"product_cat-sillas-y-sillones-de-oficina","10":"product_tag-aluminum","11":"product_tag-charles-eames","12":"product_tag-ergonomica","13":"product_tag-oficina","14":"product_tag-sillon-2","15":"product_tag-sillon-de-oficina","17":"first","18":"instock","19":"featured","20":"shipping-taxable","21":"product-type-simple"},"yoast_head":"<!-- This site is optimized with the Yoast SEO plugin v26.6 - https:\/\/yoast.com\/wordpress\/plugins\/seo\/ -->\n<title>Sill\u00f3n Aluminum en cuero vacuno - Cl\u00e1sico Moderno - Opcion Uno<\/title>\n<meta name=\"description\" content=\"Sill\u00f3n Aluminum de respaldo alto, dise\u00f1ado por Charles &amp; Ray Eames completamente en fundici\u00f3n de aluminio, dise\u00f1o elegante y moderno.\" \/>\n<meta name=\"robots\" content=\"index, follow, max-snippet:-1, max-image-preview:large, max-video-preview:-1\" \/>\n<link rel=\"canonical\" href=\"https:\/\/www.opcionuno.com.ar\/amoblamientos\/producto\/sillon-aluminum-en-cuero-vacuno\/\" \/>\n<script type=\"application\/ld+json\" class=\"yoast-schema-graph\">{\"@context\":\"https:\/\/schema.org\",\"@graph\":[{\"@type\":\"WebPage\",\"@id\":\"https:\/\/www.opcionuno.com.ar\/amoblamientos\/producto\/sillon-aluminum-en-cuero-vacuno\/\",\"url\":\"https:\/\/www.opcionuno.com.ar\/amoblamientos\/producto\/sillon-aluminum-en-cuero-vacuno\/\",\"name\":\"Sill\u00f3n Aluminum en cuero vacuno - Cl\u00e1sico Moderno - Opcion Uno\",\"isPartOf\":{\"@id\":\"https:\/\/www.opcionuno.com.ar\/amoblamientos\/#website\"},\"primaryImageOfPage\":{\"@id\":\"https:\/\/www.opcionuno.com.ar\/amoblamientos\/producto\/sillon-aluminum-en-cuero-vacuno\/#primaryimage\"},\"image\":{\"@id\":\"https:\/\/www.opcionuno.com.ar\/amoblamientos\/producto\/sillon-aluminum-en-cuero-vacuno\/#primaryimage\"},\"thumbnailUrl\":\"https:\/\/www.opcionuno.com.ar\/amoblamientos\/wp-content\/uploads\/2020\/11\/Sillon-Aluminum-en-cuero.jpg\",\"datePublished\":\"2020-11-05T17:57:19+00:00\",\"dateModified\":\"2024-10-23T14:59:05+00:00\",\"description\":\"Sill\u00f3n Aluminum de respaldo alto, dise\u00f1ado por Charles & Ray Eames completamente en fundici\u00f3n de aluminio, dise\u00f1o elegante y moderno.\",\"breadcrumb\":{\"@id\":\"https:\/\/www.opcionuno.com.ar\/amoblamientos\/producto\/sillon-aluminum-en-cuero-vacuno\/#breadcrumb\"},\"inLanguage\":\"es\",\"potentialAction\":[{\"@type\":\"ReadAction\",\"target\":[\"https:\/\/www.opcionuno.com.ar\/amoblamientos\/producto\/sillon-aluminum-en-cuero-vacuno\/\"]}]},{\"@type\":\"ImageObject\",\"inLanguage\":\"es\",\"@id\":\"https:\/\/www.opcionuno.com.ar\/amoblamientos\/producto\/sillon-aluminum-en-cuero-vacuno\/#primaryimage\",\"url\":\"https:\/\/www.opcionuno.com.ar\/amoblamientos\/wp-content\/uploads\/2020\/11\/Sillon-Aluminum-en-cuero.jpg\",\"contentUrl\":\"https:\/\/www.opcionuno.com.ar\/amoblamientos\/wp-content\/uploads\/2020\/11\/Sillon-Aluminum-en-cuero.jpg\",\"width\":720,\"height\":1280,\"caption\":\"Sillon Aluminum\"},{\"@type\":\"BreadcrumbList\",\"@id\":\"https:\/\/www.opcionuno.com.ar\/amoblamientos\/producto\/sillon-aluminum-en-cuero-vacuno\/#breadcrumb\",\"itemListElement\":[{\"@type\":\"ListItem\",\"position\":1,\"name\":\"Portada\",\"item\":\"https:\/\/www.opcionuno.com.ar\/amoblamientos\/\"},{\"@type\":\"ListItem\",\"position\":2,\"name\":\"Tienda\",\"item\":\"https:\/\/www.opcionuno.com.ar\/amoblamientos\/tienda\/\"},{\"@type\":\"ListItem\",\"position\":3,\"name\":\"Sill\u00f3n Aluminum en cuero vacuno\"}]},{\"@type\":\"WebSite\",\"@id\":\"https:\/\/www.opcionuno.com.ar\/amoblamientos\/#website\",\"url\":\"https:\/\/www.opcionuno.com.ar\/amoblamientos\/\",\"name\":\"Opcion Uno\",\"description\":\"Fabrica de Sillas y Sillones\",\"publisher\":{\"@id\":\"https:\/\/www.opcionuno.com.ar\/amoblamientos\/#organization\"},\"potentialAction\":[{\"@type\":\"SearchAction\",\"target\":{\"@type\":\"EntryPoint\",\"urlTemplate\":\"https:\/\/www.opcionuno.com.ar\/amoblamientos\/?s={search_term_string}\"},\"query-input\":{\"@type\":\"PropertyValueSpecification\",\"valueRequired\":true,\"valueName\":\"search_term_string\"}}],\"inLanguage\":\"es\"},{\"@type\":\"Organization\",\"@id\":\"https:\/\/www.opcionuno.com.ar\/amoblamientos\/#organization\",\"name\":\"Opcion Uno\",\"url\":\"https:\/\/www.opcionuno.com.ar\/amoblamientos\/\",\"logo\":{\"@type\":\"ImageObject\",\"inLanguage\":\"es\",\"@id\":\"https:\/\/www.opcionuno.com.ar\/amoblamientos\/#\/schema\/logo\/image\/\",\"url\":\"https:\/\/www.opcionuno.com.ar\/amoblamientos\/wp-content\/uploads\/2024\/11\/opcionuno-2.jpg\",\"contentUrl\":\"https:\/\/www.opcionuno.com.ar\/amoblamientos\/wp-content\/uploads\/2024\/11\/opcionuno-2.jpg\",\"width\":381,\"height\":161,\"caption\":\"Opcion Uno\"},\"image\":{\"@id\":\"https:\/\/www.opcionuno.com.ar\/amoblamientos\/#\/schema\/logo\/image\/\"},\"sameAs\":[\"https:\/\/www.instagram.com\/opcion_uno\/\"]}]}<\/script>\n<!-- \/ Yoast SEO plugin. -->","yoast_head_json":{"title":"Sill\u00f3n Aluminum en cuero vacuno - Cl\u00e1sico Moderno - Opcion Uno","description":"Sill\u00f3n Aluminum de respaldo alto, dise\u00f1ado por Charles & Ray Eames completamente en fundici\u00f3n de aluminio, dise\u00f1o elegante y moderno.","robots":{"index":"index","follow":"follow","max-snippet":"max-snippet:-1","max-image-preview":"max-image-preview:large","max-video-preview":"max-video-preview:-1"},"canonical":"https:\/\/www.opcionuno.com.ar\/amoblamientos\/producto\/sillon-aluminum-en-cuero-vacuno\/","schema":{"@context":"https:\/\/schema.org","@graph":[{"@type":"WebPage","@id":"https:\/\/www.opcionuno.com.ar\/amoblamientos\/producto\/sillon-aluminum-en-cuero-vacuno\/","url":"https:\/\/www.opcionuno.com.ar\/amoblamientos\/producto\/sillon-aluminum-en-cuero-vacuno\/","name":"Sill\u00f3n Aluminum en cuero vacuno - Cl\u00e1sico Moderno - Opcion Uno","isPartOf":{"@id":"https:\/\/www.opcionuno.com.ar\/amoblamientos\/#website"},"primaryImageOfPage":{"@id":"https:\/\/www.opcionuno.com.ar\/amoblamientos\/producto\/sillon-aluminum-en-cuero-vacuno\/#primaryimage"},"image":{"@id":"https:\/\/www.opcionuno.com.ar\/amoblamientos\/producto\/sillon-aluminum-en-cuero-vacuno\/#primaryimage"},"thumbnailUrl":"https:\/\/www.opcionuno.com.ar\/amoblamientos\/wp-content\/uploads\/2020\/11\/Sillon-Aluminum-en-cuero.jpg","datePublished":"2020-11-05T17:57:19+00:00","dateModified":"2024-10-23T14:59:05+00:00","description":"Sill\u00f3n Aluminum de respaldo alto, dise\u00f1ado por Charles & Ray Eames completamente en fundici\u00f3n de aluminio, dise\u00f1o elegante y moderno.","breadcrumb":{"@id":"https:\/\/www.opcionuno.com.ar\/amoblamientos\/producto\/sillon-aluminum-en-cuero-vacuno\/#breadcrumb"},"inLanguage":"es","potentialAction":[{"@type":"ReadAction","target":["https:\/\/www.opcionuno.com.ar\/amoblamientos\/producto\/sillon-aluminum-en-cuero-vacuno\/"]}]},{"@type":"ImageObject","inLanguage":"es","@id":"https:\/\/www.opcionuno.com.ar\/amoblamientos\/producto\/sillon-aluminum-en-cuero-vacuno\/#primaryimage","url":"https:\/\/www.opcionuno.com.ar\/amoblamientos\/wp-content\/uploads\/2020\/11\/Sillon-Aluminum-en-cuero.jpg","contentUrl":"https:\/\/www.opcionuno.com.ar\/amoblamientos\/wp-content\/uploads\/2020\/11\/Sillon-Aluminum-en-cuero.jpg","width":720,"height":1280,"caption":"Sillon Aluminum"},{"@type":"BreadcrumbList","@id":"https:\/\/www.opcionuno.com.ar\/amoblamientos\/producto\/sillon-aluminum-en-cuero-vacuno\/#breadcrumb","itemListElement":[{"@type":"ListItem","position":1,"name":"Portada","item":"https:\/\/www.opcionuno.com.ar\/amoblamientos\/"},{"@type":"ListItem","position":2,"name":"Tienda","item":"https:\/\/www.opcionuno.com.ar\/amoblamientos\/tienda\/"},{"@type":"ListItem","position":3,"name":"Sill\u00f3n Aluminum en cuero vacuno"}]},{"@type":"WebSite","@id":"https:\/\/www.opcionuno.com.ar\/amoblamientos\/#website","url":"https:\/\/www.opcionuno.com.ar\/amoblamientos\/","name":"Opcion Uno","description":"Fabrica de Sillas y Sillones","publisher":{"@id":"https:\/\/www.opcionuno.com.ar\/amoblamientos\/#organization"},"potentialAction":[{"@type":"SearchAction","target":{"@type":"EntryPoint","urlTemplate":"https:\/\/www.opcionuno.com.ar\/amoblamientos\/?s={search_term_string}"},"query-input":{"@type":"PropertyValueSpecification","valueRequired":true,"valueName":"search_term_string"}}],"inLanguage":"es"},{"@type":"Organization","@id":"https:\/\/www.opcionuno.com.ar\/amoblamientos\/#organization","name":"Opcion Uno","url":"https:\/\/www.opcionuno.com.ar\/amoblamientos\/","logo":{"@type":"ImageObject","inLanguage":"es","@id":"https:\/\/www.opcionuno.com.ar\/amoblamientos\/#\/schema\/logo\/image\/","url":"https:\/\/www.opcionuno.com.ar\/amoblamientos\/wp-content\/uploads\/2024\/11\/opcionuno-2.jpg","contentUrl":"https:\/\/www.opcionuno.com.ar\/amoblamientos\/wp-content\/uploads\/2024\/11\/opcionuno-2.jpg","width":381,"height":161,"caption":"Opcion Uno"},"image":{"@id":"https:\/\/www.opcionuno.com.ar\/amoblamientos\/#\/schema\/logo\/image\/"},"sameAs":["https:\/\/www.instagram.com\/opcion_uno\/"]}]}},"_links":{"self":[{"href":"https:\/\/www.opcionuno.com.ar\/amoblamientos\/wp-json\/wp\/v2\/product\/1364","targetHints":{"allow":["GET"]}}],"collection":[{"href":"https:\/\/www.opcionuno.com.ar\/amoblamientos\/wp-json\/wp\/v2\/product"}],"about":[{"href":"https:\/\/www.opcionuno.com.ar\/amoblamientos\/wp-json\/wp\/v2\/types\/product"}],"wp:featuredmedia":[{"embeddable":true,"href":"https:\/\/www.opcionuno.com.ar\/amoblamientos\/wp-json\/wp\/v2\/media\/1585"}],"wp:attachment":[{"href":"https:\/\/www.opcionuno.com.ar\/amoblamientos\/wp-json\/wp\/v2\/media?parent=1364"}],"wp:term":[{"taxonomy":"product_brand","embeddable":true,"href":"https:\/\/www.opcionuno.com.ar\/amoblamientos\/wp-json\/wp\/v2\/product_brand?post=1364"},{"taxonomy":"product_cat","embeddable":true,"href":"https:\/\/www.opcionuno.com.ar\/amoblamientos\/wp-json\/wp\/v2\/product_cat?post=1364"},{"taxonomy":"product_tag","embeddable":true,"href":"https:\/\/www.opcionuno.com.ar\/amoblamientos\/wp-json\/wp\/v2\/product_tag?post=1364"}],"curies":[{"name":"wp","href":"https:\/\/api.w.org\/{rel}","templated":true}]}}