{"id":731,"date":"2017-10-23T19:24:35","date_gmt":"2017-10-23T19:24:35","guid":{"rendered":"http:\/\/clic.mooo.com\/opcionuno\/producto\/import-placeholder-for-570\/"},"modified":"2017-11-06T17:44:02","modified_gmt":"2017-11-06T17:44:02","slug":"sillon-divo","status":"publish","type":"product","link":"https:\/\/www.opcionuno.com.ar\/amoblamientos\/producto\/sillon-divo\/","title":{"rendered":"Sill\u00f3n Divo"},"content":{"rendered":"","protected":false},"excerpt":{"rendered":"<p>Sill\u00f3n montado sobre esqueleto de madera multilaminada, relleno con poli\u00e9ster del alta densidad y tapizado en cuero ecol\u00f3gico o cuero vacuno.<\/p>\n<p>Terminado con importantes apoyabrazos de ca\u00f1o redondo cromados prolongados hasta terminar en patas delanteras y en su parte posterior\u00a0 con regatones.<\/p>\n","protected":false},"featured_media":761,"template":"","meta":{"_joinchat":[]},"product_brand":[],"product_cat":[107],"product_tag":[55],"class_list":{"0":"post-731","1":"product","2":"type-product","3":"status-publish","4":"has-post-thumbnail","6":"product_cat-sillones","7":"product_tag-sillon-2","9":"first","10":"instock","11":"shipping-taxable","12":"product-type-simple"},"yoast_head":"<!-- This site is optimized with the Yoast SEO plugin v26.6 - https:\/\/yoast.com\/wordpress\/plugins\/seo\/ -->\n<title>Sill\u00f3n Divo - Opcion Uno<\/title>\n<meta name=\"robots\" content=\"index, follow, max-snippet:-1, max-image-preview:large, max-video-preview:-1\" \/>\n<link rel=\"canonical\" href=\"https:\/\/www.opcionuno.com.ar\/amoblamientos\/producto\/sillon-divo\/\" \/>\n<script type=\"application\/ld+json\" class=\"yoast-schema-graph\">{\"@context\":\"https:\/\/schema.org\",\"@graph\":[{\"@type\":\"WebPage\",\"@id\":\"https:\/\/www.opcionuno.com.ar\/amoblamientos\/producto\/sillon-divo\/\",\"url\":\"https:\/\/www.opcionuno.com.ar\/amoblamientos\/producto\/sillon-divo\/\",\"name\":\"Sill\u00f3n Divo - Opcion Uno\",\"isPartOf\":{\"@id\":\"https:\/\/www.opcionuno.com.ar\/amoblamientos\/#website\"},\"primaryImageOfPage\":{\"@id\":\"https:\/\/www.opcionuno.com.ar\/amoblamientos\/producto\/sillon-divo\/#primaryimage\"},\"image\":{\"@id\":\"https:\/\/www.opcionuno.com.ar\/amoblamientos\/producto\/sillon-divo\/#primaryimage\"},\"thumbnailUrl\":\"https:\/\/www.opcionuno.com.ar\/amoblamientos\/wp-content\/uploads\/2017\/10\/sillon-Divo.jpg\",\"datePublished\":\"2017-10-23T19:24:35+00:00\",\"dateModified\":\"2017-11-06T17:44:02+00:00\",\"breadcrumb\":{\"@id\":\"https:\/\/www.opcionuno.com.ar\/amoblamientos\/producto\/sillon-divo\/#breadcrumb\"},\"inLanguage\":\"es\",\"potentialAction\":[{\"@type\":\"ReadAction\",\"target\":[\"https:\/\/www.opcionuno.com.ar\/amoblamientos\/producto\/sillon-divo\/\"]}]},{\"@type\":\"ImageObject\",\"inLanguage\":\"es\",\"@id\":\"https:\/\/www.opcionuno.com.ar\/amoblamientos\/producto\/sillon-divo\/#primaryimage\",\"url\":\"https:\/\/www.opcionuno.com.ar\/amoblamientos\/wp-content\/uploads\/2017\/10\/sillon-Divo.jpg\",\"contentUrl\":\"https:\/\/www.opcionuno.com.ar\/amoblamientos\/wp-content\/uploads\/2017\/10\/sillon-Divo.jpg\",\"width\":450,\"height\":450},{\"@type\":\"BreadcrumbList\",\"@id\":\"https:\/\/www.opcionuno.com.ar\/amoblamientos\/producto\/sillon-divo\/#breadcrumb\",\"itemListElement\":[{\"@type\":\"ListItem\",\"position\":1,\"name\":\"Portada\",\"item\":\"https:\/\/www.opcionuno.com.ar\/amoblamientos\/\"},{\"@type\":\"ListItem\",\"position\":2,\"name\":\"Tienda\",\"item\":\"https:\/\/www.opcionuno.com.ar\/amoblamientos\/tienda\/\"},{\"@type\":\"ListItem\",\"position\":3,\"name\":\"Sill\u00f3n Divo\"}]},{\"@type\":\"WebSite\",\"@id\":\"https:\/\/www.opcionuno.com.ar\/amoblamientos\/#website\",\"url\":\"https:\/\/www.opcionuno.com.ar\/amoblamientos\/\",\"name\":\"Opcion Uno\",\"description\":\"Fabrica de Sillas y Sillones\",\"publisher\":{\"@id\":\"https:\/\/www.opcionuno.com.ar\/amoblamientos\/#organization\"},\"potentialAction\":[{\"@type\":\"SearchAction\",\"target\":{\"@type\":\"EntryPoint\",\"urlTemplate\":\"https:\/\/www.opcionuno.com.ar\/amoblamientos\/?s={search_term_string}\"},\"query-input\":{\"@type\":\"PropertyValueSpecification\",\"valueRequired\":true,\"valueName\":\"search_term_string\"}}],\"inLanguage\":\"es\"},{\"@type\":\"Organization\",\"@id\":\"https:\/\/www.opcionuno.com.ar\/amoblamientos\/#organization\",\"name\":\"Opcion Uno\",\"url\":\"https:\/\/www.opcionuno.com.ar\/amoblamientos\/\",\"logo\":{\"@type\":\"ImageObject\",\"inLanguage\":\"es\",\"@id\":\"https:\/\/www.opcionuno.com.ar\/amoblamientos\/#\/schema\/logo\/image\/\",\"url\":\"https:\/\/www.opcionuno.com.ar\/amoblamientos\/wp-content\/uploads\/2024\/11\/opcionuno-2.jpg\",\"contentUrl\":\"https:\/\/www.opcionuno.com.ar\/amoblamientos\/wp-content\/uploads\/2024\/11\/opcionuno-2.jpg\",\"width\":381,\"height\":161,\"caption\":\"Opcion Uno\"},\"image\":{\"@id\":\"https:\/\/www.opcionuno.com.ar\/amoblamientos\/#\/schema\/logo\/image\/\"},\"sameAs\":[\"https:\/\/www.instagram.com\/opcion_uno\/\"]}]}<\/script>\n<!-- \/ Yoast SEO plugin. -->","yoast_head_json":{"title":"Sill\u00f3n Divo - Opcion Uno","robots":{"index":"index","follow":"follow","max-snippet":"max-snippet:-1","max-image-preview":"max-image-preview:large","max-video-preview":"max-video-preview:-1"},"canonical":"https:\/\/www.opcionuno.com.ar\/amoblamientos\/producto\/sillon-divo\/","schema":{"@context":"https:\/\/schema.org","@graph":[{"@type":"WebPage","@id":"https:\/\/www.opcionuno.com.ar\/amoblamientos\/producto\/sillon-divo\/","url":"https:\/\/www.opcionuno.com.ar\/amoblamientos\/producto\/sillon-divo\/","name":"Sill\u00f3n Divo - Opcion Uno","isPartOf":{"@id":"https:\/\/www.opcionuno.com.ar\/amoblamientos\/#website"},"primaryImageOfPage":{"@id":"https:\/\/www.opcionuno.com.ar\/amoblamientos\/producto\/sillon-divo\/#primaryimage"},"image":{"@id":"https:\/\/www.opcionuno.com.ar\/amoblamientos\/producto\/sillon-divo\/#primaryimage"},"thumbnailUrl":"https:\/\/www.opcionuno.com.ar\/amoblamientos\/wp-content\/uploads\/2017\/10\/sillon-Divo.jpg","datePublished":"2017-10-23T19:24:35+00:00","dateModified":"2017-11-06T17:44:02+00:00","breadcrumb":{"@id":"https:\/\/www.opcionuno.com.ar\/amoblamientos\/producto\/sillon-divo\/#breadcrumb"},"inLanguage":"es","potentialAction":[{"@type":"ReadAction","target":["https:\/\/www.opcionuno.com.ar\/amoblamientos\/producto\/sillon-divo\/"]}]},{"@type":"ImageObject","inLanguage":"es","@id":"https:\/\/www.opcionuno.com.ar\/amoblamientos\/producto\/sillon-divo\/#primaryimage","url":"https:\/\/www.opcionuno.com.ar\/amoblamientos\/wp-content\/uploads\/2017\/10\/sillon-Divo.jpg","contentUrl":"https:\/\/www.opcionuno.com.ar\/amoblamientos\/wp-content\/uploads\/2017\/10\/sillon-Divo.jpg","width":450,"height":450},{"@type":"BreadcrumbList","@id":"https:\/\/www.opcionuno.com.ar\/amoblamientos\/producto\/sillon-divo\/#breadcrumb","itemListElement":[{"@type":"ListItem","position":1,"name":"Portada","item":"https:\/\/www.opcionuno.com.ar\/amoblamientos\/"},{"@type":"ListItem","position":2,"name":"Tienda","item":"https:\/\/www.opcionuno.com.ar\/amoblamientos\/tienda\/"},{"@type":"ListItem","position":3,"name":"Sill\u00f3n Divo"}]},{"@type":"WebSite","@id":"https:\/\/www.opcionuno.com.ar\/amoblamientos\/#website","url":"https:\/\/www.opcionuno.com.ar\/amoblamientos\/","name":"Opcion Uno","description":"Fabrica de Sillas y Sillones","publisher":{"@id":"https:\/\/www.opcionuno.com.ar\/amoblamientos\/#organization"},"potentialAction":[{"@type":"SearchAction","target":{"@type":"EntryPoint","urlTemplate":"https:\/\/www.opcionuno.com.ar\/amoblamientos\/?s={search_term_string}"},"query-input":{"@type":"PropertyValueSpecification","valueRequired":true,"valueName":"search_term_string"}}],"inLanguage":"es"},{"@type":"Organization","@id":"https:\/\/www.opcionuno.com.ar\/amoblamientos\/#organization","name":"Opcion Uno","url":"https:\/\/www.opcionuno.com.ar\/amoblamientos\/","logo":{"@type":"ImageObject","inLanguage":"es","@id":"https:\/\/www.opcionuno.com.ar\/amoblamientos\/#\/schema\/logo\/image\/","url":"https:\/\/www.opcionuno.com.ar\/amoblamientos\/wp-content\/uploads\/2024\/11\/opcionuno-2.jpg","contentUrl":"https:\/\/www.opcionuno.com.ar\/amoblamientos\/wp-content\/uploads\/2024\/11\/opcionuno-2.jpg","width":381,"height":161,"caption":"Opcion Uno"},"image":{"@id":"https:\/\/www.opcionuno.com.ar\/amoblamientos\/#\/schema\/logo\/image\/"},"sameAs":["https:\/\/www.instagram.com\/opcion_uno\/"]}]}},"_links":{"self":[{"href":"https:\/\/www.opcionuno.com.ar\/amoblamientos\/wp-json\/wp\/v2\/product\/731","targetHints":{"allow":["GET"]}}],"collection":[{"href":"https:\/\/www.opcionuno.com.ar\/amoblamientos\/wp-json\/wp\/v2\/product"}],"about":[{"href":"https:\/\/www.opcionuno.com.ar\/amoblamientos\/wp-json\/wp\/v2\/types\/product"}],"wp:featuredmedia":[{"embeddable":true,"href":"https:\/\/www.opcionuno.com.ar\/amoblamientos\/wp-json\/wp\/v2\/media\/761"}],"wp:attachment":[{"href":"https:\/\/www.opcionuno.com.ar\/amoblamientos\/wp-json\/wp\/v2\/media?parent=731"}],"wp:term":[{"taxonomy":"product_brand","embeddable":true,"href":"https:\/\/www.opcionuno.com.ar\/amoblamientos\/wp-json\/wp\/v2\/product_brand?post=731"},{"taxonomy":"product_cat","embeddable":true,"href":"https:\/\/www.opcionuno.com.ar\/amoblamientos\/wp-json\/wp\/v2\/product_cat?post=731"},{"taxonomy":"product_tag","embeddable":true,"href":"https:\/\/www.opcionuno.com.ar\/amoblamientos\/wp-json\/wp\/v2\/product_tag?post=731"}],"curies":[{"name":"wp","href":"https:\/\/api.w.org\/{rel}","templated":true}]}}