{"id":807,"date":"2017-11-02T13:33:51","date_gmt":"2017-11-02T13:33:51","guid":{"rendered":"http:\/\/clic.mooo.com\/opcionuno\/?post_type=product&#038;p=807"},"modified":"2023-04-05T14:50:53","modified_gmt":"2023-04-05T17:50:53","slug":"banqueta-full","status":"publish","type":"product","link":"https:\/\/www.opcionuno.com.ar\/amoblamientos\/producto\/banqueta-full\/","title":{"rendered":"Banqueta Full"},"content":{"rendered":"","protected":false},"excerpt":{"rendered":"<h3>Banqueta Full<\/h3>\n<h3>Monocasco de madera multilaminada<br \/>\nTerminaci\u00f3n para\u00edso o guatamb\u00fa<br \/>\nLaqueado natural o totalizado<br \/>\nBase de ca\u00f1o redondo cromado<br \/>\n<strong>Somos Fabricantes<\/strong><\/h3>\n<h3><strong>Opcional<\/strong>:\u00a0 Base terminaci\u00f3n Epoxi negro.<\/p>\n<p>[fusion_button link=\"https:\/\/www.opcionuno.com.ar\/amoblamientos\/contacto\/?your-subject=Banqueta+Full\" text_transform=\"\" title=\"\" target=\"_self\" link_attributes=\"\" alignment_medium=\"\" alignment_small=\"\" alignment=\"\" modal=\"\" hide_on_mobile=\"small-visibility,medium-visibility,large-visibility\" sticky_display=\"normal,sticky\" class=\"\" id=\"\" color=\"default\" button_gradient_top_color=\"\" button_gradient_bottom_color=\"\" button_gradient_top_color_hover=\"\" button_gradient_bottom_color_hover=\"\" accent_color=\"\" accent_hover_color=\"\" type=\"\" bevel_color=\"\" border_width=\"\" border_radius=\"\" border_color=\"\" border_hover_color=\"\" size=\"\" stretch=\"default\" margin_top=\"\" margin_right=\"\" margin_bottom=\"\" margin_left=\"\" icon=\"\" icon_position=\"left\" icon_divider=\"no\" animation_type=\"\" animation_direction=\"left\" animation_speed=\"0.3\" animation_offset=\"\"]Consultar[\/fusion_button]<\/h3>\n","protected":false},"featured_media":808,"template":"","meta":{"_joinchat":[]},"product_brand":[],"product_cat":[138],"product_tag":[],"class_list":{"0":"post-807","1":"product","2":"type-product","3":"status-publish","4":"has-post-thumbnail","6":"product_cat-banquetas-y-taburetes","8":"first","9":"instock","10":"shipping-taxable","11":"product-type-simple"},"yoast_head":"<!-- This site is optimized with the Yoast SEO plugin v26.6 - https:\/\/yoast.com\/wordpress\/plugins\/seo\/ -->\n<title>Banqueta Full - Opcion Uno<\/title>\n<meta name=\"robots\" content=\"index, follow, max-snippet:-1, max-image-preview:large, max-video-preview:-1\" \/>\n<link rel=\"canonical\" href=\"https:\/\/www.opcionuno.com.ar\/amoblamientos\/producto\/banqueta-full\/\" \/>\n<script type=\"application\/ld+json\" class=\"yoast-schema-graph\">{\"@context\":\"https:\/\/schema.org\",\"@graph\":[{\"@type\":\"WebPage\",\"@id\":\"https:\/\/www.opcionuno.com.ar\/amoblamientos\/producto\/banqueta-full\/\",\"url\":\"https:\/\/www.opcionuno.com.ar\/amoblamientos\/producto\/banqueta-full\/\",\"name\":\"Banqueta Full - Opcion Uno\",\"isPartOf\":{\"@id\":\"https:\/\/www.opcionuno.com.ar\/amoblamientos\/#website\"},\"primaryImageOfPage\":{\"@id\":\"https:\/\/www.opcionuno.com.ar\/amoblamientos\/producto\/banqueta-full\/#primaryimage\"},\"image\":{\"@id\":\"https:\/\/www.opcionuno.com.ar\/amoblamientos\/producto\/banqueta-full\/#primaryimage\"},\"thumbnailUrl\":\"https:\/\/www.opcionuno.com.ar\/amoblamientos\/wp-content\/uploads\/2017\/11\/Banqueta-Full-2.jpg\",\"datePublished\":\"2017-11-02T13:33:51+00:00\",\"dateModified\":\"2023-04-05T17:50:53+00:00\",\"breadcrumb\":{\"@id\":\"https:\/\/www.opcionuno.com.ar\/amoblamientos\/producto\/banqueta-full\/#breadcrumb\"},\"inLanguage\":\"es\",\"potentialAction\":[{\"@type\":\"ReadAction\",\"target\":[\"https:\/\/www.opcionuno.com.ar\/amoblamientos\/producto\/banqueta-full\/\"]}]},{\"@type\":\"ImageObject\",\"inLanguage\":\"es\",\"@id\":\"https:\/\/www.opcionuno.com.ar\/amoblamientos\/producto\/banqueta-full\/#primaryimage\",\"url\":\"https:\/\/www.opcionuno.com.ar\/amoblamientos\/wp-content\/uploads\/2017\/11\/Banqueta-Full-2.jpg\",\"contentUrl\":\"https:\/\/www.opcionuno.com.ar\/amoblamientos\/wp-content\/uploads\/2017\/11\/Banqueta-Full-2.jpg\",\"width\":212,\"height\":238},{\"@type\":\"BreadcrumbList\",\"@id\":\"https:\/\/www.opcionuno.com.ar\/amoblamientos\/producto\/banqueta-full\/#breadcrumb\",\"itemListElement\":[{\"@type\":\"ListItem\",\"position\":1,\"name\":\"Portada\",\"item\":\"https:\/\/www.opcionuno.com.ar\/amoblamientos\/\"},{\"@type\":\"ListItem\",\"position\":2,\"name\":\"Tienda\",\"item\":\"https:\/\/www.opcionuno.com.ar\/amoblamientos\/tienda\/\"},{\"@type\":\"ListItem\",\"position\":3,\"name\":\"Banqueta Full\"}]},{\"@type\":\"WebSite\",\"@id\":\"https:\/\/www.opcionuno.com.ar\/amoblamientos\/#website\",\"url\":\"https:\/\/www.opcionuno.com.ar\/amoblamientos\/\",\"name\":\"Opcion Uno\",\"description\":\"Fabrica de Sillas y Sillones\",\"publisher\":{\"@id\":\"https:\/\/www.opcionuno.com.ar\/amoblamientos\/#organization\"},\"potentialAction\":[{\"@type\":\"SearchAction\",\"target\":{\"@type\":\"EntryPoint\",\"urlTemplate\":\"https:\/\/www.opcionuno.com.ar\/amoblamientos\/?s={search_term_string}\"},\"query-input\":{\"@type\":\"PropertyValueSpecification\",\"valueRequired\":true,\"valueName\":\"search_term_string\"}}],\"inLanguage\":\"es\"},{\"@type\":\"Organization\",\"@id\":\"https:\/\/www.opcionuno.com.ar\/amoblamientos\/#organization\",\"name\":\"Opcion Uno\",\"url\":\"https:\/\/www.opcionuno.com.ar\/amoblamientos\/\",\"logo\":{\"@type\":\"ImageObject\",\"inLanguage\":\"es\",\"@id\":\"https:\/\/www.opcionuno.com.ar\/amoblamientos\/#\/schema\/logo\/image\/\",\"url\":\"https:\/\/www.opcionuno.com.ar\/amoblamientos\/wp-content\/uploads\/2024\/11\/opcionuno-2.jpg\",\"contentUrl\":\"https:\/\/www.opcionuno.com.ar\/amoblamientos\/wp-content\/uploads\/2024\/11\/opcionuno-2.jpg\",\"width\":381,\"height\":161,\"caption\":\"Opcion Uno\"},\"image\":{\"@id\":\"https:\/\/www.opcionuno.com.ar\/amoblamientos\/#\/schema\/logo\/image\/\"},\"sameAs\":[\"https:\/\/www.instagram.com\/opcion_uno\/\"]}]}<\/script>\n<!-- \/ Yoast SEO plugin. -->","yoast_head_json":{"title":"Banqueta Full - Opcion Uno","robots":{"index":"index","follow":"follow","max-snippet":"max-snippet:-1","max-image-preview":"max-image-preview:large","max-video-preview":"max-video-preview:-1"},"canonical":"https:\/\/www.opcionuno.com.ar\/amoblamientos\/producto\/banqueta-full\/","schema":{"@context":"https:\/\/schema.org","@graph":[{"@type":"WebPage","@id":"https:\/\/www.opcionuno.com.ar\/amoblamientos\/producto\/banqueta-full\/","url":"https:\/\/www.opcionuno.com.ar\/amoblamientos\/producto\/banqueta-full\/","name":"Banqueta Full - Opcion Uno","isPartOf":{"@id":"https:\/\/www.opcionuno.com.ar\/amoblamientos\/#website"},"primaryImageOfPage":{"@id":"https:\/\/www.opcionuno.com.ar\/amoblamientos\/producto\/banqueta-full\/#primaryimage"},"image":{"@id":"https:\/\/www.opcionuno.com.ar\/amoblamientos\/producto\/banqueta-full\/#primaryimage"},"thumbnailUrl":"https:\/\/www.opcionuno.com.ar\/amoblamientos\/wp-content\/uploads\/2017\/11\/Banqueta-Full-2.jpg","datePublished":"2017-11-02T13:33:51+00:00","dateModified":"2023-04-05T17:50:53+00:00","breadcrumb":{"@id":"https:\/\/www.opcionuno.com.ar\/amoblamientos\/producto\/banqueta-full\/#breadcrumb"},"inLanguage":"es","potentialAction":[{"@type":"ReadAction","target":["https:\/\/www.opcionuno.com.ar\/amoblamientos\/producto\/banqueta-full\/"]}]},{"@type":"ImageObject","inLanguage":"es","@id":"https:\/\/www.opcionuno.com.ar\/amoblamientos\/producto\/banqueta-full\/#primaryimage","url":"https:\/\/www.opcionuno.com.ar\/amoblamientos\/wp-content\/uploads\/2017\/11\/Banqueta-Full-2.jpg","contentUrl":"https:\/\/www.opcionuno.com.ar\/amoblamientos\/wp-content\/uploads\/2017\/11\/Banqueta-Full-2.jpg","width":212,"height":238},{"@type":"BreadcrumbList","@id":"https:\/\/www.opcionuno.com.ar\/amoblamientos\/producto\/banqueta-full\/#breadcrumb","itemListElement":[{"@type":"ListItem","position":1,"name":"Portada","item":"https:\/\/www.opcionuno.com.ar\/amoblamientos\/"},{"@type":"ListItem","position":2,"name":"Tienda","item":"https:\/\/www.opcionuno.com.ar\/amoblamientos\/tienda\/"},{"@type":"ListItem","position":3,"name":"Banqueta Full"}]},{"@type":"WebSite","@id":"https:\/\/www.opcionuno.com.ar\/amoblamientos\/#website","url":"https:\/\/www.opcionuno.com.ar\/amoblamientos\/","name":"Opcion Uno","description":"Fabrica de Sillas y Sillones","publisher":{"@id":"https:\/\/www.opcionuno.com.ar\/amoblamientos\/#organization"},"potentialAction":[{"@type":"SearchAction","target":{"@type":"EntryPoint","urlTemplate":"https:\/\/www.opcionuno.com.ar\/amoblamientos\/?s={search_term_string}"},"query-input":{"@type":"PropertyValueSpecification","valueRequired":true,"valueName":"search_term_string"}}],"inLanguage":"es"},{"@type":"Organization","@id":"https:\/\/www.opcionuno.com.ar\/amoblamientos\/#organization","name":"Opcion Uno","url":"https:\/\/www.opcionuno.com.ar\/amoblamientos\/","logo":{"@type":"ImageObject","inLanguage":"es","@id":"https:\/\/www.opcionuno.com.ar\/amoblamientos\/#\/schema\/logo\/image\/","url":"https:\/\/www.opcionuno.com.ar\/amoblamientos\/wp-content\/uploads\/2024\/11\/opcionuno-2.jpg","contentUrl":"https:\/\/www.opcionuno.com.ar\/amoblamientos\/wp-content\/uploads\/2024\/11\/opcionuno-2.jpg","width":381,"height":161,"caption":"Opcion Uno"},"image":{"@id":"https:\/\/www.opcionuno.com.ar\/amoblamientos\/#\/schema\/logo\/image\/"},"sameAs":["https:\/\/www.instagram.com\/opcion_uno\/"]}]}},"_links":{"self":[{"href":"https:\/\/www.opcionuno.com.ar\/amoblamientos\/wp-json\/wp\/v2\/product\/807","targetHints":{"allow":["GET"]}}],"collection":[{"href":"https:\/\/www.opcionuno.com.ar\/amoblamientos\/wp-json\/wp\/v2\/product"}],"about":[{"href":"https:\/\/www.opcionuno.com.ar\/amoblamientos\/wp-json\/wp\/v2\/types\/product"}],"wp:featuredmedia":[{"embeddable":true,"href":"https:\/\/www.opcionuno.com.ar\/amoblamientos\/wp-json\/wp\/v2\/media\/808"}],"wp:attachment":[{"href":"https:\/\/www.opcionuno.com.ar\/amoblamientos\/wp-json\/wp\/v2\/media?parent=807"}],"wp:term":[{"taxonomy":"product_brand","embeddable":true,"href":"https:\/\/www.opcionuno.com.ar\/amoblamientos\/wp-json\/wp\/v2\/product_brand?post=807"},{"taxonomy":"product_cat","embeddable":true,"href":"https:\/\/www.opcionuno.com.ar\/amoblamientos\/wp-json\/wp\/v2\/product_cat?post=807"},{"taxonomy":"product_tag","embeddable":true,"href":"https:\/\/www.opcionuno.com.ar\/amoblamientos\/wp-json\/wp\/v2\/product_tag?post=807"}],"curies":[{"name":"wp","href":"https:\/\/api.w.org\/{rel}","templated":true}]}}