{"id":819,"date":"2017-11-02T13:56:30","date_gmt":"2017-11-02T13:56:30","guid":{"rendered":"http:\/\/clic.mooo.com\/opcionuno\/?post_type=product&#038;p=819"},"modified":"2023-04-05T14:46:25","modified_gmt":"2023-04-05T17:46:25","slug":"silla-aluminum-respaldo-bajo","status":"publish","type":"product","link":"https:\/\/www.opcionuno.com.ar\/amoblamientos\/producto\/silla-aluminum-respaldo-bajo\/","title":{"rendered":"Silla Aluminum de respaldo bajo"},"content":{"rendered":"","protected":false},"excerpt":{"rendered":"<h3>Silla Aluminum de respaldo bajo, dise\u00f1ada por Charles &amp; Ray Eames completamente en fundici\u00f3n de aluminio, dise\u00f1o elegante y moderno.<\/h3>\n<h3>Caracter\u00edsticas:<br \/>\nEstructura 100% en fundici\u00f3n de <strong>Aluminio<\/strong><br \/>\nBase 100% en fundici\u00f3n de <strong>Aluminio<\/strong><br \/>\nBrazos 100% en fundici\u00f3n de <strong>Aluminio<\/strong><br \/>\nTapizada en cuero ecol\u00f3gico o cuero vacuno a elecci\u00f3n<br \/>\nRespaldo bajo<br \/>\nGiratoria<br \/>\nBasculante<br \/>\nNeum\u00e1tica<br \/>\nRuedas de nylon<br \/>\n<strong>Somos Fabricantes<\/strong><\/h3>\n<h3><strong>Opcional:<\/strong> Ruedas cromadas o de goma para pisos de madera, patines.<\/h3>\n<h3><strong>Modelos<\/strong>: Sill\u00f3n alto con brazos, silla baja con\/sin brazos, silla baja sin neum\u00e1tico.<\/p>\n<p>[fusion_button link=\"https:\/\/www.opcionuno.com.ar\/amoblamientos\/contacto\/?your-subject=Silla+Aluminum+Respaldo+Bajo\" text_transform=\"\" title=\"\" target=\"_self\" link_attributes=\"\" alignment_medium=\"\" alignment_small=\"\" alignment=\"\" modal=\"\" hide_on_mobile=\"small-visibility,medium-visibility,large-visibility\" sticky_display=\"normal,sticky\" class=\"\" id=\"\" color=\"default\" button_gradient_top_color=\"\" button_gradient_bottom_color=\"\" button_gradient_top_color_hover=\"\" button_gradient_bottom_color_hover=\"\" accent_color=\"\" accent_hover_color=\"\" type=\"\" bevel_color=\"\" border_width=\"\" border_radius=\"\" border_color=\"\" border_hover_color=\"\" size=\"\" stretch=\"default\" margin_top=\"\" margin_right=\"\" margin_bottom=\"\" margin_left=\"\" icon=\"\" icon_position=\"left\" icon_divider=\"no\" animation_type=\"\" animation_direction=\"left\" animation_speed=\"0.3\" animation_offset=\"\"]Consultar[\/fusion_button]<\/h3>\n","protected":false},"featured_media":1594,"template":"","meta":{"_joinchat":[]},"product_brand":[],"product_cat":[111,131,106,148,134,207],"product_tag":[70,89,203,69,205],"class_list":{"0":"post-819","1":"product","2":"type-product","3":"status-publish","4":"has-post-thumbnail","6":"product_cat-clasicos-modernos","7":"product_cat-charles-eames","8":"product_cat-destacados","9":"product_cat-productos","10":"product_cat-sillas","11":"product_cat-sillas-y-sillones-de-oficina","12":"product_tag-aluminum","13":"product_tag-charles-eames","14":"product_tag-oficina","15":"product_tag-silla","16":"product_tag-silla-de-oficina","18":"first","19":"instock","20":"shipping-taxable","21":"product-type-simple"},"yoast_head":"<!-- This site is optimized with the Yoast SEO plugin v26.6 - https:\/\/yoast.com\/wordpress\/plugins\/seo\/ -->\n<title>Silla Aluminum de respaldo bajo - Cl\u00e1sico Moderno - Opcion Uno<\/title>\n<meta name=\"description\" content=\"Silla Aluminum de respaldo bajo, dise\u00f1ado por Charles &amp; Ray Eames completamente en fundici\u00f3n de aluminio, dise\u00f1o elegante y moderno.\" \/>\n<meta name=\"robots\" content=\"index, follow, max-snippet:-1, max-image-preview:large, max-video-preview:-1\" \/>\n<link rel=\"canonical\" href=\"https:\/\/www.opcionuno.com.ar\/amoblamientos\/producto\/silla-aluminum-respaldo-bajo\/\" \/>\n<script type=\"application\/ld+json\" class=\"yoast-schema-graph\">{\"@context\":\"https:\/\/schema.org\",\"@graph\":[{\"@type\":\"WebPage\",\"@id\":\"https:\/\/www.opcionuno.com.ar\/amoblamientos\/producto\/silla-aluminum-respaldo-bajo\/\",\"url\":\"https:\/\/www.opcionuno.com.ar\/amoblamientos\/producto\/silla-aluminum-respaldo-bajo\/\",\"name\":\"Silla Aluminum de respaldo bajo - Cl\u00e1sico Moderno - Opcion Uno\",\"isPartOf\":{\"@id\":\"https:\/\/www.opcionuno.com.ar\/amoblamientos\/#website\"},\"primaryImageOfPage\":{\"@id\":\"https:\/\/www.opcionuno.com.ar\/amoblamientos\/producto\/silla-aluminum-respaldo-bajo\/#primaryimage\"},\"image\":{\"@id\":\"https:\/\/www.opcionuno.com.ar\/amoblamientos\/producto\/silla-aluminum-respaldo-bajo\/#primaryimage\"},\"thumbnailUrl\":\"https:\/\/www.opcionuno.com.ar\/amoblamientos\/wp-content\/uploads\/2017\/11\/Silla-Aluminum-Negra.jpg\",\"datePublished\":\"2017-11-02T13:56:30+00:00\",\"dateModified\":\"2023-04-05T17:46:25+00:00\",\"description\":\"Silla Aluminum de respaldo bajo, dise\u00f1ado por Charles & Ray Eames completamente en fundici\u00f3n de aluminio, dise\u00f1o elegante y moderno.\",\"breadcrumb\":{\"@id\":\"https:\/\/www.opcionuno.com.ar\/amoblamientos\/producto\/silla-aluminum-respaldo-bajo\/#breadcrumb\"},\"inLanguage\":\"es\",\"potentialAction\":[{\"@type\":\"ReadAction\",\"target\":[\"https:\/\/www.opcionuno.com.ar\/amoblamientos\/producto\/silla-aluminum-respaldo-bajo\/\"]}]},{\"@type\":\"ImageObject\",\"inLanguage\":\"es\",\"@id\":\"https:\/\/www.opcionuno.com.ar\/amoblamientos\/producto\/silla-aluminum-respaldo-bajo\/#primaryimage\",\"url\":\"https:\/\/www.opcionuno.com.ar\/amoblamientos\/wp-content\/uploads\/2017\/11\/Silla-Aluminum-Negra.jpg\",\"contentUrl\":\"https:\/\/www.opcionuno.com.ar\/amoblamientos\/wp-content\/uploads\/2017\/11\/Silla-Aluminum-Negra.jpg\",\"width\":960,\"height\":1280,\"caption\":\"Silla Aluminum\"},{\"@type\":\"BreadcrumbList\",\"@id\":\"https:\/\/www.opcionuno.com.ar\/amoblamientos\/producto\/silla-aluminum-respaldo-bajo\/#breadcrumb\",\"itemListElement\":[{\"@type\":\"ListItem\",\"position\":1,\"name\":\"Portada\",\"item\":\"https:\/\/www.opcionuno.com.ar\/amoblamientos\/\"},{\"@type\":\"ListItem\",\"position\":2,\"name\":\"Tienda\",\"item\":\"https:\/\/www.opcionuno.com.ar\/amoblamientos\/tienda\/\"},{\"@type\":\"ListItem\",\"position\":3,\"name\":\"Silla Aluminum de respaldo bajo\"}]},{\"@type\":\"WebSite\",\"@id\":\"https:\/\/www.opcionuno.com.ar\/amoblamientos\/#website\",\"url\":\"https:\/\/www.opcionuno.com.ar\/amoblamientos\/\",\"name\":\"Opcion Uno\",\"description\":\"Fabrica de Sillas y Sillones\",\"publisher\":{\"@id\":\"https:\/\/www.opcionuno.com.ar\/amoblamientos\/#organization\"},\"potentialAction\":[{\"@type\":\"SearchAction\",\"target\":{\"@type\":\"EntryPoint\",\"urlTemplate\":\"https:\/\/www.opcionuno.com.ar\/amoblamientos\/?s={search_term_string}\"},\"query-input\":{\"@type\":\"PropertyValueSpecification\",\"valueRequired\":true,\"valueName\":\"search_term_string\"}}],\"inLanguage\":\"es\"},{\"@type\":\"Organization\",\"@id\":\"https:\/\/www.opcionuno.com.ar\/amoblamientos\/#organization\",\"name\":\"Opcion Uno\",\"url\":\"https:\/\/www.opcionuno.com.ar\/amoblamientos\/\",\"logo\":{\"@type\":\"ImageObject\",\"inLanguage\":\"es\",\"@id\":\"https:\/\/www.opcionuno.com.ar\/amoblamientos\/#\/schema\/logo\/image\/\",\"url\":\"https:\/\/www.opcionuno.com.ar\/amoblamientos\/wp-content\/uploads\/2024\/11\/opcionuno-2.jpg\",\"contentUrl\":\"https:\/\/www.opcionuno.com.ar\/amoblamientos\/wp-content\/uploads\/2024\/11\/opcionuno-2.jpg\",\"width\":381,\"height\":161,\"caption\":\"Opcion Uno\"},\"image\":{\"@id\":\"https:\/\/www.opcionuno.com.ar\/amoblamientos\/#\/schema\/logo\/image\/\"},\"sameAs\":[\"https:\/\/www.instagram.com\/opcion_uno\/\"]}]}<\/script>\n<!-- \/ Yoast SEO plugin. -->","yoast_head_json":{"title":"Silla Aluminum de respaldo bajo - Cl\u00e1sico Moderno - Opcion Uno","description":"Silla Aluminum de respaldo bajo, dise\u00f1ado por Charles & Ray Eames completamente en fundici\u00f3n de aluminio, dise\u00f1o elegante y moderno.","robots":{"index":"index","follow":"follow","max-snippet":"max-snippet:-1","max-image-preview":"max-image-preview:large","max-video-preview":"max-video-preview:-1"},"canonical":"https:\/\/www.opcionuno.com.ar\/amoblamientos\/producto\/silla-aluminum-respaldo-bajo\/","schema":{"@context":"https:\/\/schema.org","@graph":[{"@type":"WebPage","@id":"https:\/\/www.opcionuno.com.ar\/amoblamientos\/producto\/silla-aluminum-respaldo-bajo\/","url":"https:\/\/www.opcionuno.com.ar\/amoblamientos\/producto\/silla-aluminum-respaldo-bajo\/","name":"Silla Aluminum de respaldo bajo - Cl\u00e1sico Moderno - Opcion Uno","isPartOf":{"@id":"https:\/\/www.opcionuno.com.ar\/amoblamientos\/#website"},"primaryImageOfPage":{"@id":"https:\/\/www.opcionuno.com.ar\/amoblamientos\/producto\/silla-aluminum-respaldo-bajo\/#primaryimage"},"image":{"@id":"https:\/\/www.opcionuno.com.ar\/amoblamientos\/producto\/silla-aluminum-respaldo-bajo\/#primaryimage"},"thumbnailUrl":"https:\/\/www.opcionuno.com.ar\/amoblamientos\/wp-content\/uploads\/2017\/11\/Silla-Aluminum-Negra.jpg","datePublished":"2017-11-02T13:56:30+00:00","dateModified":"2023-04-05T17:46:25+00:00","description":"Silla Aluminum de respaldo bajo, dise\u00f1ado por Charles & Ray Eames completamente en fundici\u00f3n de aluminio, dise\u00f1o elegante y moderno.","breadcrumb":{"@id":"https:\/\/www.opcionuno.com.ar\/amoblamientos\/producto\/silla-aluminum-respaldo-bajo\/#breadcrumb"},"inLanguage":"es","potentialAction":[{"@type":"ReadAction","target":["https:\/\/www.opcionuno.com.ar\/amoblamientos\/producto\/silla-aluminum-respaldo-bajo\/"]}]},{"@type":"ImageObject","inLanguage":"es","@id":"https:\/\/www.opcionuno.com.ar\/amoblamientos\/producto\/silla-aluminum-respaldo-bajo\/#primaryimage","url":"https:\/\/www.opcionuno.com.ar\/amoblamientos\/wp-content\/uploads\/2017\/11\/Silla-Aluminum-Negra.jpg","contentUrl":"https:\/\/www.opcionuno.com.ar\/amoblamientos\/wp-content\/uploads\/2017\/11\/Silla-Aluminum-Negra.jpg","width":960,"height":1280,"caption":"Silla Aluminum"},{"@type":"BreadcrumbList","@id":"https:\/\/www.opcionuno.com.ar\/amoblamientos\/producto\/silla-aluminum-respaldo-bajo\/#breadcrumb","itemListElement":[{"@type":"ListItem","position":1,"name":"Portada","item":"https:\/\/www.opcionuno.com.ar\/amoblamientos\/"},{"@type":"ListItem","position":2,"name":"Tienda","item":"https:\/\/www.opcionuno.com.ar\/amoblamientos\/tienda\/"},{"@type":"ListItem","position":3,"name":"Silla Aluminum de respaldo bajo"}]},{"@type":"WebSite","@id":"https:\/\/www.opcionuno.com.ar\/amoblamientos\/#website","url":"https:\/\/www.opcionuno.com.ar\/amoblamientos\/","name":"Opcion Uno","description":"Fabrica de Sillas y Sillones","publisher":{"@id":"https:\/\/www.opcionuno.com.ar\/amoblamientos\/#organization"},"potentialAction":[{"@type":"SearchAction","target":{"@type":"EntryPoint","urlTemplate":"https:\/\/www.opcionuno.com.ar\/amoblamientos\/?s={search_term_string}"},"query-input":{"@type":"PropertyValueSpecification","valueRequired":true,"valueName":"search_term_string"}}],"inLanguage":"es"},{"@type":"Organization","@id":"https:\/\/www.opcionuno.com.ar\/amoblamientos\/#organization","name":"Opcion Uno","url":"https:\/\/www.opcionuno.com.ar\/amoblamientos\/","logo":{"@type":"ImageObject","inLanguage":"es","@id":"https:\/\/www.opcionuno.com.ar\/amoblamientos\/#\/schema\/logo\/image\/","url":"https:\/\/www.opcionuno.com.ar\/amoblamientos\/wp-content\/uploads\/2024\/11\/opcionuno-2.jpg","contentUrl":"https:\/\/www.opcionuno.com.ar\/amoblamientos\/wp-content\/uploads\/2024\/11\/opcionuno-2.jpg","width":381,"height":161,"caption":"Opcion Uno"},"image":{"@id":"https:\/\/www.opcionuno.com.ar\/amoblamientos\/#\/schema\/logo\/image\/"},"sameAs":["https:\/\/www.instagram.com\/opcion_uno\/"]}]}},"_links":{"self":[{"href":"https:\/\/www.opcionuno.com.ar\/amoblamientos\/wp-json\/wp\/v2\/product\/819","targetHints":{"allow":["GET"]}}],"collection":[{"href":"https:\/\/www.opcionuno.com.ar\/amoblamientos\/wp-json\/wp\/v2\/product"}],"about":[{"href":"https:\/\/www.opcionuno.com.ar\/amoblamientos\/wp-json\/wp\/v2\/types\/product"}],"wp:featuredmedia":[{"embeddable":true,"href":"https:\/\/www.opcionuno.com.ar\/amoblamientos\/wp-json\/wp\/v2\/media\/1594"}],"wp:attachment":[{"href":"https:\/\/www.opcionuno.com.ar\/amoblamientos\/wp-json\/wp\/v2\/media?parent=819"}],"wp:term":[{"taxonomy":"product_brand","embeddable":true,"href":"https:\/\/www.opcionuno.com.ar\/amoblamientos\/wp-json\/wp\/v2\/product_brand?post=819"},{"taxonomy":"product_cat","embeddable":true,"href":"https:\/\/www.opcionuno.com.ar\/amoblamientos\/wp-json\/wp\/v2\/product_cat?post=819"},{"taxonomy":"product_tag","embeddable":true,"href":"https:\/\/www.opcionuno.com.ar\/amoblamientos\/wp-json\/wp\/v2\/product_tag?post=819"}],"curies":[{"name":"wp","href":"https:\/\/api.w.org\/{rel}","templated":true}]}}